{"id":10,"date":"2020-04-15T15:32:44","date_gmt":"2020-04-15T15:32:44","guid":{"rendered":"http:\/\/pnppaysagiste.com\/?page_id=10"},"modified":"2020-10-07T14:11:06","modified_gmt":"2020-10-07T14:11:06","slug":"accueil","status":"publish","type":"page","link":"http:\/\/pnppaysagiste.com\/","title":{"rendered":"Accueil"},"content":{"rendered":"\t\t<div data-elementor-type=\"wp-page\" data-elementor-id=\"10\" class=\"elementor elementor-10\">\n\t\t\t\t\t\t<section class=\"penci-section penci-disSticky penci-structure-10 elementor-section elementor-top-section elementor-element elementor-element-4779d34b elementor-section-boxed elementor-section-height-default elementor-section-height-default\" data-id=\"4779d34b\" data-element_type=\"section\">\n\t\t\t\t\t\t<div class=\"elementor-container elementor-column-gap-default\">\n\t\t\t\t\t<div class=\"penci-ercol-100 penci-ercol-order-1 penci-sticky-ct    elementor-column elementor-col-100 elementor-top-column elementor-element elementor-element-40e2b171\" data-id=\"40e2b171\" data-element_type=\"column\">\n\t\t\t<div class=\"elementor-widget-wrap elementor-element-populated\">\n\t\t\t\t\t\t<section class=\"penci-section penci-disSticky penci-structure-20 elementor-section elementor-inner-section elementor-element elementor-element-ebd26ff elementor-section-boxed elementor-section-height-default elementor-section-height-default\" data-id=\"ebd26ff\" data-element_type=\"section\">\n\t\t\t\t\t\t<div class=\"elementor-container elementor-column-gap-default\">\n\t\t\t\t\t<div class=\"penci-ercol-50 penci-ercol-order-1 penci-sticky-ct    elementor-column elementor-col-50 elementor-inner-column elementor-element elementor-element-18ad809\" data-id=\"18ad809\" data-element_type=\"column\">\n\t\t\t<div class=\"elementor-widget-wrap elementor-element-populated\">\n\t\t\t\t\t\t<div class=\"elementor-element elementor-element-85cb56c elementor-widget elementor-widget-text-editor\" data-id=\"85cb56c\" data-element_type=\"widget\" data-widget_type=\"text-editor.default\">\n\t\t\t\t<div class=\"elementor-widget-container\">\n\t\t\t\t\t\t\t\t\t<p><span class=\"mod\" title=\"Il faut mettre une espace apr\u00e8s le signe de ponctuation.\">P.N<\/span><span class=\"ver\" title=\"Il faut probablement mettre une espace apr\u00e8s le signe de ponctuation.\">.P paysagiste se<\/span> sp\u00e9cialise en am\u00e9nagement paysager commercial, municipal, institutionnel et gouvernemental. Les municipalit\u00e9s, architectes et ing\u00e9nieurs connaissent maintenant la qualit\u00e9 du travail de notre \u00e9quipe.<\/p><p><span class=\"mod\" title=\"Il faut mettre une espace apr\u00e8s le signe de ponctuation.\">P.N<\/span><span class=\"ver\" title=\"Il faut probablement mettre une espace apr\u00e8s le signe de ponctuation.\">.P paysagiste est<\/span> d&rsquo;ailleurs tr\u00e8s fi\u00e8res d&rsquo;avoir <span class=\"spellmod\" title=\"particip\u00e9 es, particip\u00e9-es, participes, participer, participe, particip\u00e9, participez, participerai, participais, participerais, participeras, participerez, particip\u00e2mes, particip\u00e2tes, anticip\u00e9es, participas, participai\">particip\u00e9s<\/span> \u00e0 l&#8217;embellissement de la belle ville de Qu\u00e9bec. En effet, comme vous pourrez le constater dans la section <a href=\"http:\/\/pnppaysagiste.com\/?page_id=14\">R\u00e9alisations<\/a>, <span class=\"ver\" title=\"On ne fait pas l'accord du sujet apr\u00e8s l'auxiliaire &lt;i&gt;avoir&lt;\/i&gt;, par ex.: &lt;i&gt;les gens ont &lt;b&gt;parl\u00e9&lt;\/b&gt;&lt;\/i&gt;. (si vous avez fait l'accord avec un objet direct, cela est acceptable).\">nous avons laiss\u00e9s<\/span> notre marque un peu partout dans la vieille <span class=\"ver\" title=\"A v\u00e9rifier: &lt;i&gt;et&lt;\/i&gt; ou &lt;i&gt;e&lt;b&gt;s&lt;\/b&gt;t&lt;\/i&gt; (du verbe &lt;i&gt;\u00eatre&lt;\/i&gt;).\">Capitale et aussi<\/span> ailleurs en province.<\/p><ul><li><strong>Commercial<\/strong><\/li><li><strong>Municipal<\/strong><\/li><li><strong>Institutionnel<\/strong><\/li><li><strong>Gouvernemental<\/strong><\/li><\/ul>\t\t\t\t\t\t\t\t<\/div>\n\t\t\t\t<\/div>\n\t\t\t\t\t<\/div>\n\t\t<\/div>\n\t\t\t\t<div class=\"penci-ercol-50 penci-ercol-order-2 penci-sticky-ct  penci-dmcheck penci-elbg-activate  elementor-column elementor-col-50 elementor-inner-column elementor-element elementor-element-2f02b19\" data-id=\"2f02b19\" data-element_type=\"column\" data-settings=\"{&quot;background_background&quot;:&quot;classic&quot;}\">\n\t\t\t<div class=\"elementor-widget-wrap elementor-element-populated\">\n\t\t\t\t\t\t<div class=\"elementor-element elementor-element-25576db elementor-widget elementor-widget-heading\" data-id=\"25576db\" data-element_type=\"widget\" data-widget_type=\"heading.default\">\n\t\t\t\t<div class=\"elementor-widget-container\">\n\t\t\t\t\t<h3 class=\"elementor-heading-title elementor-size-default\">R\u00e9alisations<\/h3>\t\t\t\t<\/div>\n\t\t\t\t<\/div>\n\t\t\t\t<div class=\"elementor-element elementor-element-bab12c3 elementor-widget elementor-widget-penci-portfolio\" data-id=\"bab12c3\" data-element_type=\"widget\" data-widget_type=\"penci-portfolio.default\">\n\t\t\t\t<div class=\"elementor-widget-container\">\n\t\t\t\t\t            <div id=\"penci-portfolio--1370\" class=\"wrapper-penci-portfolio pcpt-normal-ftl\">\r\n\t\t\t\t\t\t\t\t\t                    <div class=\"penci-portfolio-filter\">\r\n                        <ul>\r\n                            <li class=\"all active\">\r\n                                <a data-term=\"*\" data-filter=\"*\" href=\"#\" class=\"alltext\">All<\/a>\r\n                            <\/li>\r\n\t\t\t\t\t\t\t<li><a data-filter=\".penci-murs\" data-term=\"murs\" data-tax=\"portfolio-category\" href=\"#\">Murs<\/a><\/li><li><a data-filter=\".penci-paves\" data-term=\"paves\" data-tax=\"portfolio-category\" href=\"#\">Pav\u00e9s<\/a><\/li><li><a data-filter=\".penci-plantations\" data-term=\"plantations\" data-tax=\"portfolio-category\" href=\"#\">Plantations<\/a><\/li>                        <\/ul>\r\n                    <\/div><!-- .portfolio-filter -->\r\n                    <div class=\"clearfix\"><\/div>\r\n\t\t\t\t\t\t\t\t                <div id=\"penci-portfolio--1370\"\r\n                     class=\"penci-portfolio penci-portfolio-wrap column-2 penci-portfolio-text_overlay pcpt-normal-ftl\">\r\n                    <div class=\"inner-portfolio-posts\">\r\n\t\t\t\t\t\t\t\t\t\t\t\t\t                            <article class=\"portfolio-item penci-paves penci-plantations\" id=\"portfolio-168\"\r\n                                     data-pflID=\"168\"\r\n                                     data-terms=\"paves plantations\">\r\n                                <div class=\"inner-item-portfolio\">\r\n                                    <div class=\"info-portfolio\">\r\n                                        <div class=\"penci-portfolio-thumbnail\">\r\n\t\t\t\t\t\t\t\t\t\t\t                                            <a href=\"http:\/\/pnppaysagiste.com\/?portfolio=complexe-des-sciences-universite-de-montreal-a-outremont-2018-2019\">\r\n\t\t\t\t\t\t\t\t\t\t\t\t\t\t\t\t\t\t\t\t\t\t\t\t\t<span class=\"penci-image-placeholder penci-lazy\" style=\"padding-bottom:66.6666667%;\" data-bgset=\"http:\/\/pnppaysagiste.com\/wp-content\/uploads\/2020\/05\/Complexe_2-585x390.jpg\"><\/span>                                                <\/a>\r\n                                        <\/div>\r\n                                        <div class=\"portfolio-desc\">\r\n                                            <a href=\"http:\/\/pnppaysagiste.com\/?portfolio=complexe-des-sciences-universite-de-montreal-a-outremont-2018-2019\">\r\n                                                <h3 class=\"portfolio-title\">Complexe des sciences &#8211; Universit\u00e9 de Montr\u00e9al \u00e0 Outremont &#8211; 2018 &#8211; 2019<\/h3>\r\n\t\t\t\t\t\t\t\t\t\t\t\t                                                    <span class=\"portfolio-cat\">Pav\u00e9s, Plantations<\/span>\r\n\t\t\t\t\t\t\t\t\t\t\t\t                                            <\/a>\r\n                                        <\/div>\r\n                                    <\/div>\r\n                                <\/div>\r\n                            <\/article>\r\n\t\t\t\t\t\t\t\t\t\t\t\t\t                            <article class=\"portfolio-item penci-paves\" id=\"portfolio-166\"\r\n                                     data-pflID=\"166\"\r\n                                     data-terms=\"paves\">\r\n                                <div class=\"inner-item-portfolio\">\r\n                                    <div class=\"info-portfolio\">\r\n                                        <div class=\"penci-portfolio-thumbnail\">\r\n\t\t\t\t\t\t\t\t\t\t\t                                            <a href=\"http:\/\/pnppaysagiste.com\/?portfolio=parc-jean-drapeau-montreal-2018-2019\">\r\n\t\t\t\t\t\t\t\t\t\t\t\t\t\t\t\t\t\t\t\t\t\t\t\t\t<span class=\"penci-image-placeholder penci-lazy\" style=\"padding-bottom:66.6666667%;\" data-bgset=\"http:\/\/pnppaysagiste.com\/wp-content\/uploads\/2020\/05\/parcjean_drapeau-585x390.jpg\"><\/span>                                                <\/a>\r\n                                        <\/div>\r\n                                        <div class=\"portfolio-desc\">\r\n                                            <a href=\"http:\/\/pnppaysagiste.com\/?portfolio=parc-jean-drapeau-montreal-2018-2019\">\r\n                                                <h3 class=\"portfolio-title\">Parc Jean Drapeau &#8211; Montr\u00e9al &#8211; 2018 &#8211; 2019<\/h3>\r\n\t\t\t\t\t\t\t\t\t\t\t\t                                                    <span class=\"portfolio-cat\">Pav\u00e9s<\/span>\r\n\t\t\t\t\t\t\t\t\t\t\t\t                                            <\/a>\r\n                                        <\/div>\r\n                                    <\/div>\r\n                                <\/div>\r\n                            <\/article>\r\n\t\t\t\t\t\t\t\t\t\t\t\t\t                            <article class=\"portfolio-item penci-paves\" id=\"portfolio-165\"\r\n                                     data-pflID=\"165\"\r\n                                     data-terms=\"paves\">\r\n                                <div class=\"inner-item-portfolio\">\r\n                                    <div class=\"info-portfolio\">\r\n                                        <div class=\"penci-portfolio-thumbnail\">\r\n\t\t\t\t\t\t\t\t\t\t\t                                            <a href=\"http:\/\/pnppaysagiste.com\/?portfolio=forena-spa-saint-bruno-de-montarville-2019\">\r\n\t\t\t\t\t\t\t\t\t\t\t\t\t\t\t\t\t\t\t\t\t\t\t\t\t<span class=\"penci-image-placeholder penci-lazy\" style=\"padding-bottom:66.6666667%;\" data-bgset=\"http:\/\/pnppaysagiste.com\/wp-content\/uploads\/2020\/04\/Forena_1-585x390.jpg\"><\/span>                                                <\/a>\r\n                                        <\/div>\r\n                                        <div class=\"portfolio-desc\">\r\n                                            <a href=\"http:\/\/pnppaysagiste.com\/?portfolio=forena-spa-saint-bruno-de-montarville-2019\">\r\n                                                <h3 class=\"portfolio-title\">Forena SPA &#8211; Saint-Bruno-De-Montarville &#8211; 2019<\/h3>\r\n\t\t\t\t\t\t\t\t\t\t\t\t                                                    <span class=\"portfolio-cat\">Pav\u00e9s<\/span>\r\n\t\t\t\t\t\t\t\t\t\t\t\t                                            <\/a>\r\n                                        <\/div>\r\n                                    <\/div>\r\n                                <\/div>\r\n                            <\/article>\r\n\t\t\t\t\t\t\t\t\t\t\t\t\t                            <article class=\"portfolio-item penci-paves penci-plantations\" id=\"portfolio-163\"\r\n                                     data-pflID=\"163\"\r\n                                     data-terms=\"paves plantations\">\r\n                                <div class=\"inner-item-portfolio\">\r\n                                    <div class=\"info-portfolio\">\r\n                                        <div class=\"penci-portfolio-thumbnail\">\r\n\t\t\t\t\t\t\t\t\t\t\t                                            <a href=\"http:\/\/pnppaysagiste.com\/?portfolio=pavillon-bonenfant-universite-laval-2018\">\r\n\t\t\t\t\t\t\t\t\t\t\t\t\t\t\t\t\t\t\t\t\t\t\t\t\t<span class=\"penci-image-placeholder penci-lazy\" style=\"padding-bottom:66.6666667%;\" data-bgset=\"http:\/\/pnppaysagiste.com\/wp-content\/uploads\/2020\/05\/Pavillon_bonenfant-585x390.jpg\"><\/span>                                                <\/a>\r\n                                        <\/div>\r\n                                        <div class=\"portfolio-desc\">\r\n                                            <a href=\"http:\/\/pnppaysagiste.com\/?portfolio=pavillon-bonenfant-universite-laval-2018\">\r\n                                                <h3 class=\"portfolio-title\">Pavillon Bonenfant &#8211; Universit\u00e9 Laval &#8211; 2018<\/h3>\r\n\t\t\t\t\t\t\t\t\t\t\t\t                                                    <span class=\"portfolio-cat\">Pav\u00e9s, Plantations<\/span>\r\n\t\t\t\t\t\t\t\t\t\t\t\t                                            <\/a>\r\n                                        <\/div>\r\n                                    <\/div>\r\n                                <\/div>\r\n                            <\/article>\r\n\t\t\t\t\t\t\t\t\t\t\t\t\t                            <article class=\"portfolio-item penci-murs\" id=\"portfolio-161\"\r\n                                     data-pflID=\"161\"\r\n                                     data-terms=\"murs\">\r\n                                <div class=\"inner-item-portfolio\">\r\n                                    <div class=\"info-portfolio\">\r\n                                        <div class=\"penci-portfolio-thumbnail\">\r\n\t\t\t\t\t\t\t\t\t\t\t                                            <a href=\"http:\/\/pnppaysagiste.com\/?portfolio=mur-de-soutenement-verti-bloc-lac-beauport-2017\">\r\n\t\t\t\t\t\t\t\t\t\t\t\t\t\t\t\t\t\t\t\t\t\t\t\t\t<span class=\"penci-image-placeholder penci-lazy\" style=\"padding-bottom:66.6666667%;\" data-bgset=\"http:\/\/pnppaysagiste.com\/wp-content\/uploads\/2020\/05\/Verti_bloc_lac_beauport-585x390.jpg\"><\/span>                                                <\/a>\r\n                                        <\/div>\r\n                                        <div class=\"portfolio-desc\">\r\n                                            <a href=\"http:\/\/pnppaysagiste.com\/?portfolio=mur-de-soutenement-verti-bloc-lac-beauport-2017\">\r\n                                                <h3 class=\"portfolio-title\">Mur de sout\u00e8nement Verti-Bloc &#8211; Lac Beauport &#8211; 2017<\/h3>\r\n\t\t\t\t\t\t\t\t\t\t\t\t                                                    <span class=\"portfolio-cat\">Murs<\/span>\r\n\t\t\t\t\t\t\t\t\t\t\t\t                                            <\/a>\r\n                                        <\/div>\r\n                                    <\/div>\r\n                                <\/div>\r\n                            <\/article>\r\n\t\t\t\t\t\t\t\t\t\t\t\t\t                            <article class=\"portfolio-item penci-murs penci-paves penci-plantations\" id=\"portfolio-159\"\r\n                                     data-pflID=\"159\"\r\n                                     data-terms=\"murs paves plantations\">\r\n                                <div class=\"inner-item-portfolio\">\r\n                                    <div class=\"info-portfolio\">\r\n                                        <div class=\"penci-portfolio-thumbnail\">\r\n\t\t\t\t\t\t\t\t\t\t\t                                            <a href=\"http:\/\/pnppaysagiste.com\/?portfolio=habitations-durocher-quebec-2017\">\r\n\t\t\t\t\t\t\t\t\t\t\t\t\t\t\t\t\t\t\t\t\t\t\t\t\t<span class=\"penci-image-placeholder penci-lazy\" style=\"padding-bottom:66.6666667%;\" data-bgset=\"http:\/\/pnppaysagiste.com\/wp-content\/uploads\/2020\/05\/habitation_durocher-585x390.jpg\"><\/span>                                                <\/a>\r\n                                        <\/div>\r\n                                        <div class=\"portfolio-desc\">\r\n                                            <a href=\"http:\/\/pnppaysagiste.com\/?portfolio=habitations-durocher-quebec-2017\">\r\n                                                <h3 class=\"portfolio-title\">Habitations Durocher &#8211; Qu\u00e9bec &#8211; 2017<\/h3>\r\n\t\t\t\t\t\t\t\t\t\t\t\t                                                    <span class=\"portfolio-cat\">Murs, Pav\u00e9s, Plantations<\/span>\r\n\t\t\t\t\t\t\t\t\t\t\t\t                                            <\/a>\r\n                                        <\/div>\r\n                                    <\/div>\r\n                                <\/div>\r\n                            <\/article>\r\n\t\t\t\t\t\t                    <\/div>\r\n\t\t\t\t\t                <\/div>\r\n\r\n                <div class=\"penci-pagenavi-shortcode\">\r\n\t\t\t\t\t<div class=\"penci-pagination align-left\"><ul class='page-numbers'>\n\t<li><span aria-current=\"page\" class=\"page-numbers current\">1<\/span><\/li>\n\t<li><a class=\"page-numbers\" href=\"http:\/\/pnppaysagiste.com\/index.php\/?paged=2&#038;rest_route=%2Fwp%2Fv2%2Fpages%2F10\">2<\/a><\/li>\n\t<li><a class=\"page-numbers\" href=\"http:\/\/pnppaysagiste.com\/index.php\/?paged=3&#038;rest_route=%2Fwp%2Fv2%2Fpages%2F10\">3<\/a><\/li>\n\t<li><a class=\"page-numbers\" href=\"http:\/\/pnppaysagiste.com\/index.php\/?paged=4&#038;rest_route=%2Fwp%2Fv2%2Fpages%2F10\">4<\/a><\/li>\n\t<li><a class=\"next page-numbers\" href=\"http:\/\/pnppaysagiste.com\/index.php\/?paged=2&#038;rest_route=%2Fwp%2Fv2%2Fpages%2F10\"><i class=\"penci-faicon fa fa-angle-right\" ><\/i><\/a><\/li>\n<\/ul>\n<\/div>                <\/div>\r\n\t\t\t\t                <script type=\"text\/javascript\">\r\n                    portfolioDataJs.push( {\"instanceId\":\"penci-portfolio--1370\",\"atts\":{\"style\":\"grid\",\"image_type\":\"landscape\",\"item_style\":\"text_overlay\",\"column\":\"2\",\"pagination\":\"number\",\"numbermore\":6,\"filter\":\"true\",\"lightbox\":\"false\",\"elementor_query\":{\"orderby\":\"date\",\"order\":\"desc\",\"ignore_sticky_posts\":1,\"post_status\":\"publish\",\"post__not_in\":[],\"post_type\":\"portfolio\",\"posts_per_page\":6,\"tax_query\":[]}},\"query\":{\"orderby\":\"date\",\"order\":\"desc\",\"ignore_sticky_posts\":1,\"post_status\":\"publish\",\"post__not_in\":[],\"post_type\":\"portfolio\",\"posts_per_page\":6,\"tax_query\":[]},\"layout\":\"grid\",\"imagetype\":\"landscape\",\"count\":22,\"countByTerms\":{\"murs\":6,\"paves\":20,\"plantations\":13},\"currentTerm\":\"*\",\"currentTax\":\"portfolio-category\",\"lightbox\":\"false\"} );\r\n                <\/script>\r\n            <\/div>\r\n\r\n\t\t\t\t\t\t\t<\/div>\n\t\t\t\t<\/div>\n\t\t\t\t<div class=\"elementor-element elementor-element-fcbc17f elementor-align-center elementor-widget elementor-widget-button\" data-id=\"fcbc17f\" data-element_type=\"widget\" data-widget_type=\"button.default\">\n\t\t\t\t<div class=\"elementor-widget-container\">\n\t\t\t\t\t\t\t\t\t<div class=\"elementor-button-wrapper\">\n\t\t\t\t\t<a class=\"elementor-button elementor-button-link elementor-size-sm\" href=\"http:\/\/pnppaysagiste.com\/?page_id=14\">\n\t\t\t\t\t\t<span class=\"elementor-button-content-wrapper\">\n\t\t\t\t\t\t\t\t\t<span class=\"elementor-button-text\">Voir plus de r\u00e9alisations<\/span>\n\t\t\t\t\t<\/span>\n\t\t\t\t\t<\/a>\n\t\t\t\t<\/div>\n\t\t\t\t\t\t\t\t<\/div>\n\t\t\t\t<\/div>\n\t\t\t\t\t<\/div>\n\t\t<\/div>\n\t\t\t\t\t<\/div>\n\t\t<\/section>\n\t\t\t\t\t<\/div>\n\t\t<\/div>\n\t\t\t\t\t<\/div>\n\t\t<\/section>\n\t\t\t\t<\/div>\n\t\t","protected":false},"excerpt":{"rendered":"<p>P.N.P paysagiste se sp\u00e9cialise en am\u00e9nagement paysager commercial, municipal, institutionnel et gouvernemental. Les municipalit\u00e9s, architectes et ing\u00e9nieurs connaissent maintenant la qualit\u00e9 du travail de notre \u00e9quipe. P.N.P paysagiste est d&rsquo;ailleurs&hellip;<\/p>\n","protected":false},"author":1,"featured_media":0,"parent":0,"menu_order":0,"comment_status":"closed","ping_status":"closed","template":"","meta":{"_lmt_disableupdate":"","_lmt_disable":"","footnotes":""},"class_list":["post-10","page","type-page","status-publish","hentry"],"yoast_head":"<!-- This site is optimized with the Yoast SEO plugin v26.2 - https:\/\/yoast.com\/wordpress\/plugins\/seo\/ -->\n<title>Accueil - PNP Paysagiste<\/title>\n<meta name=\"description\" content=\"P.N.P paysagiste se sp\u00e9cialise en am\u00e9nagement paysager commercial, municipal, institutionnel et gouvernemental.\" \/>\n<meta name=\"robots\" content=\"index, follow, max-snippet:-1, max-image-preview:large, max-video-preview:-1\" \/>\n<link rel=\"canonical\" href=\"http:\/\/pnppaysagiste.com\/\" \/>\n<meta property=\"og:locale\" content=\"fr_CA\" \/>\n<meta property=\"og:type\" content=\"article\" \/>\n<meta property=\"og:title\" content=\"Accueil - PNP Paysagiste\" \/>\n<meta property=\"og:description\" content=\"P.N.P paysagiste se sp\u00e9cialise en am\u00e9nagement paysager commercial, municipal, institutionnel et gouvernemental.\" \/>\n<meta property=\"og:url\" content=\"http:\/\/pnppaysagiste.com\/\" \/>\n<meta property=\"og:site_name\" content=\"PNP Paysagiste\" \/>\n<meta property=\"article:modified_time\" content=\"2020-10-07T14:11:06+00:00\" \/>\n<meta property=\"og:image\" content=\"http:\/\/pnppaysagiste.com\/wp-content\/uploads\/2020\/05\/Complexe_2-585x390.jpg\" \/>\n<meta name=\"twitter:card\" content=\"summary_large_image\" \/>\n<meta name=\"twitter:label1\" content=\"Estimation du temps de lecture\" \/>\n\t<meta name=\"twitter:data1\" content=\"1 minute\" \/>\n<script type=\"application\/ld+json\" class=\"yoast-schema-graph\">{\"@context\":\"https:\/\/schema.org\",\"@graph\":[{\"@type\":\"WebPage\",\"@id\":\"http:\/\/pnppaysagiste.com\/\",\"url\":\"http:\/\/pnppaysagiste.com\/\",\"name\":\"Accueil - PNP Paysagiste\",\"isPartOf\":{\"@id\":\"http:\/\/pnppaysagiste.com\/#website\"},\"primaryImageOfPage\":{\"@id\":\"http:\/\/pnppaysagiste.com\/#primaryimage\"},\"image\":{\"@id\":\"http:\/\/pnppaysagiste.com\/#primaryimage\"},\"thumbnailUrl\":\"http:\/\/pnppaysagiste.com\/wp-content\/uploads\/2020\/05\/Complexe_2-585x390.jpg\",\"datePublished\":\"2020-04-15T15:32:44+00:00\",\"dateModified\":\"2020-10-07T14:11:06+00:00\",\"description\":\"P.N.P paysagiste se sp\u00e9cialise en am\u00e9nagement paysager commercial, municipal, institutionnel et gouvernemental.\",\"breadcrumb\":{\"@id\":\"http:\/\/pnppaysagiste.com\/#breadcrumb\"},\"inLanguage\":\"fr-CA\",\"potentialAction\":[{\"@type\":\"ReadAction\",\"target\":[\"http:\/\/pnppaysagiste.com\/\"]}]},{\"@type\":\"ImageObject\",\"inLanguage\":\"fr-CA\",\"@id\":\"http:\/\/pnppaysagiste.com\/#primaryimage\",\"url\":\"http:\/\/pnppaysagiste.com\/wp-content\/uploads\/2020\/05\/Complexe_2-585x390.jpg\",\"contentUrl\":\"http:\/\/pnppaysagiste.com\/wp-content\/uploads\/2020\/05\/Complexe_2-585x390.jpg\"},{\"@type\":\"BreadcrumbList\",\"@id\":\"http:\/\/pnppaysagiste.com\/#breadcrumb\",\"itemListElement\":[{\"@type\":\"ListItem\",\"position\":1,\"name\":\"Accueil\",\"item\":\"http:\/\/pnppaysagiste.com\/\"},{\"@type\":\"ListItem\",\"position\":2,\"name\":\"Accueil\"}]},{\"@type\":\"WebSite\",\"@id\":\"http:\/\/pnppaysagiste.com\/#website\",\"url\":\"http:\/\/pnppaysagiste.com\/\",\"name\":\"PNP Paysagiste\",\"description\":\"Au coeur des plus belles r\u00e9alisations depuis 1997\",\"potentialAction\":[{\"@type\":\"SearchAction\",\"target\":{\"@type\":\"EntryPoint\",\"urlTemplate\":\"http:\/\/pnppaysagiste.com\/?s={search_term_string}\"},\"query-input\":{\"@type\":\"PropertyValueSpecification\",\"valueRequired\":true,\"valueName\":\"search_term_string\"}}],\"inLanguage\":\"fr-CA\"}]}<\/script>\n<!-- \/ Yoast SEO plugin. -->","yoast_head_json":{"title":"Accueil - PNP Paysagiste","description":"P.N.P paysagiste se sp\u00e9cialise en am\u00e9nagement paysager commercial, municipal, institutionnel et gouvernemental.","robots":{"index":"index","follow":"follow","max-snippet":"max-snippet:-1","max-image-preview":"max-image-preview:large","max-video-preview":"max-video-preview:-1"},"canonical":"http:\/\/pnppaysagiste.com\/","og_locale":"fr_CA","og_type":"article","og_title":"Accueil - PNP Paysagiste","og_description":"P.N.P paysagiste se sp\u00e9cialise en am\u00e9nagement paysager commercial, municipal, institutionnel et gouvernemental.","og_url":"http:\/\/pnppaysagiste.com\/","og_site_name":"PNP Paysagiste","article_modified_time":"2020-10-07T14:11:06+00:00","og_image":[{"url":"http:\/\/pnppaysagiste.com\/wp-content\/uploads\/2020\/05\/Complexe_2-585x390.jpg","type":"","width":"","height":""}],"twitter_card":"summary_large_image","twitter_misc":{"Estimation du temps de lecture":"1 minute"},"schema":{"@context":"https:\/\/schema.org","@graph":[{"@type":"WebPage","@id":"http:\/\/pnppaysagiste.com\/","url":"http:\/\/pnppaysagiste.com\/","name":"Accueil - PNP Paysagiste","isPartOf":{"@id":"http:\/\/pnppaysagiste.com\/#website"},"primaryImageOfPage":{"@id":"http:\/\/pnppaysagiste.com\/#primaryimage"},"image":{"@id":"http:\/\/pnppaysagiste.com\/#primaryimage"},"thumbnailUrl":"http:\/\/pnppaysagiste.com\/wp-content\/uploads\/2020\/05\/Complexe_2-585x390.jpg","datePublished":"2020-04-15T15:32:44+00:00","dateModified":"2020-10-07T14:11:06+00:00","description":"P.N.P paysagiste se sp\u00e9cialise en am\u00e9nagement paysager commercial, municipal, institutionnel et gouvernemental.","breadcrumb":{"@id":"http:\/\/pnppaysagiste.com\/#breadcrumb"},"inLanguage":"fr-CA","potentialAction":[{"@type":"ReadAction","target":["http:\/\/pnppaysagiste.com\/"]}]},{"@type":"ImageObject","inLanguage":"fr-CA","@id":"http:\/\/pnppaysagiste.com\/#primaryimage","url":"http:\/\/pnppaysagiste.com\/wp-content\/uploads\/2020\/05\/Complexe_2-585x390.jpg","contentUrl":"http:\/\/pnppaysagiste.com\/wp-content\/uploads\/2020\/05\/Complexe_2-585x390.jpg"},{"@type":"BreadcrumbList","@id":"http:\/\/pnppaysagiste.com\/#breadcrumb","itemListElement":[{"@type":"ListItem","position":1,"name":"Accueil","item":"http:\/\/pnppaysagiste.com\/"},{"@type":"ListItem","position":2,"name":"Accueil"}]},{"@type":"WebSite","@id":"http:\/\/pnppaysagiste.com\/#website","url":"http:\/\/pnppaysagiste.com\/","name":"PNP Paysagiste","description":"Au coeur des plus belles r\u00e9alisations depuis 1997","potentialAction":[{"@type":"SearchAction","target":{"@type":"EntryPoint","urlTemplate":"http:\/\/pnppaysagiste.com\/?s={search_term_string}"},"query-input":{"@type":"PropertyValueSpecification","valueRequired":true,"valueName":"search_term_string"}}],"inLanguage":"fr-CA"}]}},"_links":{"self":[{"href":"http:\/\/pnppaysagiste.com\/index.php?rest_route=\/wp\/v2\/pages\/10","targetHints":{"allow":["GET"]}}],"collection":[{"href":"http:\/\/pnppaysagiste.com\/index.php?rest_route=\/wp\/v2\/pages"}],"about":[{"href":"http:\/\/pnppaysagiste.com\/index.php?rest_route=\/wp\/v2\/types\/page"}],"author":[{"embeddable":true,"href":"http:\/\/pnppaysagiste.com\/index.php?rest_route=\/wp\/v2\/users\/1"}],"replies":[{"embeddable":true,"href":"http:\/\/pnppaysagiste.com\/index.php?rest_route=%2Fwp%2Fv2%2Fcomments&post=10"}],"version-history":[{"count":17,"href":"http:\/\/pnppaysagiste.com\/index.php?rest_route=\/wp\/v2\/pages\/10\/revisions"}],"predecessor-version":[{"id":186,"href":"http:\/\/pnppaysagiste.com\/index.php?rest_route=\/wp\/v2\/pages\/10\/revisions\/186"}],"wp:attachment":[{"href":"http:\/\/pnppaysagiste.com\/index.php?rest_route=%2Fwp%2Fv2%2Fmedia&parent=10"}],"curies":[{"name":"wp","href":"https:\/\/api.w.org\/{rel}","templated":true}]}}