{"id":76,"date":"2020-04-16T16:52:48","date_gmt":"2020-04-16T16:52:48","guid":{"rendered":"http:\/\/pnppaysagiste.com\/?page_id=76"},"modified":"2020-10-07T14:11:15","modified_gmt":"2020-10-07T14:11:15","slug":"a-propos","status":"publish","type":"page","link":"http:\/\/pnppaysagiste.com\/?page_id=76","title":{"rendered":"\u00c0 propos"},"content":{"rendered":"\t\t<div data-elementor-type=\"wp-page\" data-elementor-id=\"76\" class=\"elementor elementor-76\">\n\t\t\t\t\t\t<section class=\"penci-section penci-disSticky penci-structure-10 elementor-section elementor-top-section elementor-element elementor-element-195ccc2c elementor-section-boxed elementor-section-height-default elementor-section-height-default\" data-id=\"195ccc2c\" data-element_type=\"section\">\n\t\t\t\t\t\t<div class=\"elementor-container elementor-column-gap-default\">\n\t\t\t\t\t<div class=\"penci-ercol-100 penci-ercol-order-1 penci-sticky-ct    elementor-column elementor-col-100 elementor-top-column elementor-element elementor-element-644d8892\" data-id=\"644d8892\" data-element_type=\"column\">\n\t\t\t<div class=\"elementor-widget-wrap elementor-element-populated\">\n\t\t\t\t\t\t<div class=\"elementor-element elementor-element-67f93427 elementor-widget elementor-widget-text-editor\" data-id=\"67f93427\" data-element_type=\"widget\" data-widget_type=\"text-editor.default\">\n\t\t\t\t<div class=\"elementor-widget-container\">\n\t\t\t\t\t\t\t\t\t\n<p><strong>Patrick Nolin<\/strong>, jeune dipl\u00f4m\u00e9 au Bac en G\u00e9omatique \u00e0 l&rsquo;Universit\u00e9 Laval, a des id\u00e9es plein la t\u00eate et de l&rsquo;\u00e9nergie \u00e0 revendre. C&rsquo;est alors qu&rsquo;il fonde sa compagnie en 1993, <strong>Les Entreprises P.N.P. inc.<\/strong> (<strong>P<\/strong>atrick <strong>N<\/strong>olin <strong>P<\/strong>aysagiste)<br \/><br \/>Depuis ce jour, la croissance sera exceptionnelle et constante. D\u00e9butant avec de modeste moyens \u00e0 l&rsquo;\u00e9poque, la compagnie va faire son chemin dans le monde de la construction et se tailler une place parmi les grands du monde paysager. En effet, <strong>Les Entreprises P.N.P.<\/strong> jouissent maintenant d&rsquo;une solide et enviable r\u00e9putation dans le m\u00e9tier. Plusieurs \u00e9l\u00e9ments avec des comp\u00e9tences aguerries se sont greff\u00e9s \u00e0 l&rsquo;entreprise avec les ann\u00e9es, portant les effectifs \u00e0 plus de 40 employ\u00e9s en haute saison.<\/p>\n\t\t\t\t\t\t\t\t<\/div>\n\t\t\t\t<\/div>\n\t\t\t\t\t<\/div>\n\t\t<\/div>\n\t\t\t\t\t<\/div>\n\t\t<\/section>\n\t\t\t\t<\/div>\n\t\t","protected":false},"excerpt":{"rendered":"<p>Patrick Nolin, jeune dipl\u00f4m\u00e9 au Bac en G\u00e9omatique \u00e0 l&rsquo;Universit\u00e9 Laval, a des id\u00e9es plein la t\u00eate et de l&rsquo;\u00e9nergie \u00e0 revendre. C&rsquo;est alors qu&rsquo;il fonde sa compagnie en 1993,&hellip;<\/p>\n","protected":false},"author":1,"featured_media":0,"parent":0,"menu_order":0,"comment_status":"closed","ping_status":"closed","template":"","meta":{"_lmt_disableupdate":"","_lmt_disable":"","footnotes":""},"class_list":["post-76","page","type-page","status-publish","hentry"],"yoast_head":"<!-- This site is optimized with the Yoast SEO plugin v26.2 - https:\/\/yoast.com\/wordpress\/plugins\/seo\/ -->\n<title>\u00c0 propos - PNP Paysagiste<\/title>\n<meta name=\"description\" content=\"P.N.P paysagiste se sp\u00e9cialise en am\u00e9nagement paysager commercial, municipal, institutionnel et gouvernemental.\" \/>\n<meta name=\"robots\" content=\"index, follow, max-snippet:-1, max-image-preview:large, max-video-preview:-1\" \/>\n<link rel=\"canonical\" href=\"http:\/\/pnppaysagiste.com\/?page_id=76\" \/>\n<meta property=\"og:locale\" content=\"fr_CA\" \/>\n<meta property=\"og:type\" content=\"article\" \/>\n<meta property=\"og:title\" content=\"\u00c0 propos - PNP Paysagiste\" \/>\n<meta property=\"og:description\" content=\"P.N.P paysagiste se sp\u00e9cialise en am\u00e9nagement paysager commercial, municipal, institutionnel et gouvernemental.\" \/>\n<meta property=\"og:url\" content=\"http:\/\/pnppaysagiste.com\/?page_id=76\" \/>\n<meta property=\"og:site_name\" content=\"PNP Paysagiste\" \/>\n<meta property=\"article:modified_time\" content=\"2020-10-07T14:11:15+00:00\" \/>\n<meta name=\"twitter:card\" content=\"summary_large_image\" \/>\n<meta name=\"twitter:label1\" content=\"Estimation du temps de lecture\" \/>\n\t<meta name=\"twitter:data1\" content=\"1 minute\" \/>\n<script type=\"application\/ld+json\" class=\"yoast-schema-graph\">{\"@context\":\"https:\/\/schema.org\",\"@graph\":[{\"@type\":\"WebPage\",\"@id\":\"http:\/\/pnppaysagiste.com\/?page_id=76\",\"url\":\"http:\/\/pnppaysagiste.com\/?page_id=76\",\"name\":\"\u00c0 propos - PNP Paysagiste\",\"isPartOf\":{\"@id\":\"http:\/\/pnppaysagiste.com\/#website\"},\"datePublished\":\"2020-04-16T16:52:48+00:00\",\"dateModified\":\"2020-10-07T14:11:15+00:00\",\"description\":\"P.N.P paysagiste se sp\u00e9cialise en am\u00e9nagement paysager commercial, municipal, institutionnel et gouvernemental.\",\"breadcrumb\":{\"@id\":\"http:\/\/pnppaysagiste.com\/?page_id=76#breadcrumb\"},\"inLanguage\":\"fr-CA\",\"potentialAction\":[{\"@type\":\"ReadAction\",\"target\":[\"http:\/\/pnppaysagiste.com\/?page_id=76\"]}]},{\"@type\":\"BreadcrumbList\",\"@id\":\"http:\/\/pnppaysagiste.com\/?page_id=76#breadcrumb\",\"itemListElement\":[{\"@type\":\"ListItem\",\"position\":1,\"name\":\"Accueil\",\"item\":\"http:\/\/pnppaysagiste.com\/\"},{\"@type\":\"ListItem\",\"position\":2,\"name\":\"\u00c0 propos\"}]},{\"@type\":\"WebSite\",\"@id\":\"http:\/\/pnppaysagiste.com\/#website\",\"url\":\"http:\/\/pnppaysagiste.com\/\",\"name\":\"PNP Paysagiste\",\"description\":\"Au coeur des plus belles r\u00e9alisations depuis 1997\",\"potentialAction\":[{\"@type\":\"SearchAction\",\"target\":{\"@type\":\"EntryPoint\",\"urlTemplate\":\"http:\/\/pnppaysagiste.com\/?s={search_term_string}\"},\"query-input\":{\"@type\":\"PropertyValueSpecification\",\"valueRequired\":true,\"valueName\":\"search_term_string\"}}],\"inLanguage\":\"fr-CA\"}]}<\/script>\n<!-- \/ Yoast SEO plugin. -->","yoast_head_json":{"title":"\u00c0 propos - PNP Paysagiste","description":"P.N.P paysagiste se sp\u00e9cialise en am\u00e9nagement paysager commercial, municipal, institutionnel et gouvernemental.","robots":{"index":"index","follow":"follow","max-snippet":"max-snippet:-1","max-image-preview":"max-image-preview:large","max-video-preview":"max-video-preview:-1"},"canonical":"http:\/\/pnppaysagiste.com\/?page_id=76","og_locale":"fr_CA","og_type":"article","og_title":"\u00c0 propos - PNP Paysagiste","og_description":"P.N.P paysagiste se sp\u00e9cialise en am\u00e9nagement paysager commercial, municipal, institutionnel et gouvernemental.","og_url":"http:\/\/pnppaysagiste.com\/?page_id=76","og_site_name":"PNP Paysagiste","article_modified_time":"2020-10-07T14:11:15+00:00","twitter_card":"summary_large_image","twitter_misc":{"Estimation du temps de lecture":"1 minute"},"schema":{"@context":"https:\/\/schema.org","@graph":[{"@type":"WebPage","@id":"http:\/\/pnppaysagiste.com\/?page_id=76","url":"http:\/\/pnppaysagiste.com\/?page_id=76","name":"\u00c0 propos - PNP Paysagiste","isPartOf":{"@id":"http:\/\/pnppaysagiste.com\/#website"},"datePublished":"2020-04-16T16:52:48+00:00","dateModified":"2020-10-07T14:11:15+00:00","description":"P.N.P paysagiste se sp\u00e9cialise en am\u00e9nagement paysager commercial, municipal, institutionnel et gouvernemental.","breadcrumb":{"@id":"http:\/\/pnppaysagiste.com\/?page_id=76#breadcrumb"},"inLanguage":"fr-CA","potentialAction":[{"@type":"ReadAction","target":["http:\/\/pnppaysagiste.com\/?page_id=76"]}]},{"@type":"BreadcrumbList","@id":"http:\/\/pnppaysagiste.com\/?page_id=76#breadcrumb","itemListElement":[{"@type":"ListItem","position":1,"name":"Accueil","item":"http:\/\/pnppaysagiste.com\/"},{"@type":"ListItem","position":2,"name":"\u00c0 propos"}]},{"@type":"WebSite","@id":"http:\/\/pnppaysagiste.com\/#website","url":"http:\/\/pnppaysagiste.com\/","name":"PNP Paysagiste","description":"Au coeur des plus belles r\u00e9alisations depuis 1997","potentialAction":[{"@type":"SearchAction","target":{"@type":"EntryPoint","urlTemplate":"http:\/\/pnppaysagiste.com\/?s={search_term_string}"},"query-input":{"@type":"PropertyValueSpecification","valueRequired":true,"valueName":"search_term_string"}}],"inLanguage":"fr-CA"}]}},"_links":{"self":[{"href":"http:\/\/pnppaysagiste.com\/index.php?rest_route=\/wp\/v2\/pages\/76","targetHints":{"allow":["GET"]}}],"collection":[{"href":"http:\/\/pnppaysagiste.com\/index.php?rest_route=\/wp\/v2\/pages"}],"about":[{"href":"http:\/\/pnppaysagiste.com\/index.php?rest_route=\/wp\/v2\/types\/page"}],"author":[{"embeddable":true,"href":"http:\/\/pnppaysagiste.com\/index.php?rest_route=\/wp\/v2\/users\/1"}],"replies":[{"embeddable":true,"href":"http:\/\/pnppaysagiste.com\/index.php?rest_route=%2Fwp%2Fv2%2Fcomments&post=76"}],"version-history":[{"count":3,"href":"http:\/\/pnppaysagiste.com\/index.php?rest_route=\/wp\/v2\/pages\/76\/revisions"}],"predecessor-version":[{"id":184,"href":"http:\/\/pnppaysagiste.com\/index.php?rest_route=\/wp\/v2\/pages\/76\/revisions\/184"}],"wp:attachment":[{"href":"http:\/\/pnppaysagiste.com\/index.php?rest_route=%2Fwp%2Fv2%2Fmedia&parent=76"}],"curies":[{"name":"wp","href":"https:\/\/api.w.org\/{rel}","templated":true}]}}